{"id":241,"date":"2016-03-31T17:29:05","date_gmt":"2016-03-31T17:29:05","guid":{"rendered":"http:\/\/demo.olevmedia.net\/eventerra\/?page_id=241"},"modified":"2024-05-02T06:01:27","modified_gmt":"2024-05-02T06:01:27","slug":"programi","status":"publish","type":"page","link":"https:\/\/wayofpeace.al\/fshu2024\/","title":{"rendered":"Programi"},"content":{"rendered":"<p>[vc_row][vc_column][om_reduce_space height=&#8221;2em&#8221;][om_agenda description_expand=&#8221;yes&#8221;][om_agenda_day color=&#8221;om-accent-color-3&#8243; title=&#8221;E Enjte&#8221; date=&#8221;2 Maj&#8221;][om_agenda_item icon_fontawesome=&#8221;&#8221; speaker_links=&#8221;&#8221; time=&#8221;07:00 \u2013 08:30&#8243; room=&#8221;Restorant&#8221; speaker_ids=&#8221;114&#8243; title=&#8221;M\u00ebngjesi&#8221;][\/om_agenda_item][om_agenda_item icon_fontawesome=&#8221;&#8221; time=&#8221;08:45 \u2013 10:00&#8243; speaker_ids=&#8221;559&#8243; title=&#8221;Sesioni kryesor IV&#8221; room=&#8221;Salla e Konferencave&#8221;]\u201cRuaje Tuf\u00ebn e Per\u00ebndis\u00eb\u201d (Gjoni 10:1-10)[\/om_agenda_item][om_agenda_item icon_fontawesome=&#8221;&#8221; speaker_links=&#8221;&#8221; time=&#8221;10:00 \u2013 10:30&#8243; room=&#8221;Holli Kryesor&#8221; speaker_ids=&#8221;112&#8243; title=&#8221;Pushim p\u00ebr kafe&#8221; link=&#8221;||&#8221;][\/om_agenda_item][om_agenda_item icon_fontawesome=&#8221;&#8221; speaker_links=&#8221;&#8221; time=&#8221;10:30 \u2013 12:30&#8243; speaker_ids=&#8221;112&#8243; title=&#8221;Takimi i Rrjetit&#8221; link=&#8221;url:https%3A%2F%2Fwayofpeace.al%2Ffshu2024%2Findex.php%2Frrjetet%2F|title:Rrjetet||&#8221;][\/om_agenda_item][om_agenda_item icon_fontawesome=&#8221;&#8221; speaker_links=&#8221;&#8221; time=&#8221;12:30 \u2013 14:00&#8243; speaker_ids=&#8221;112&#8243; title=&#8221;Dreka&#8221; link=&#8221;||&#8221; room=&#8221;Restorant&#8221;][\/om_agenda_item][\/om_agenda_day][\/om_agenda][\/vc_column][\/vc_row][vc_row][vc_column][vc_empty_space][\/vc_column][\/vc_row]<\/p>\n","protected":false},"excerpt":{"rendered":"<p>[vc_row][vc_column][om_reduce_space height=&#8221;2em&#8221;][om_agenda description_expand=&#8221;yes&#8221;][om_agenda_day color=&#8221;om-accent-color-3&#8243; title=&#8221;E Enjte&#8221; date=&#8221;2 Maj&#8221;][om_agenda_item icon_fontawesome=&#8221;&#8221; speaker_links=&#8221;&#8221; time=&#8221;07:00 \u2013 08:30&#8243; room=&#8221;Restorant&#8221; speaker_ids=&#8221;114&#8243; title=&#8221;M\u00ebngjesi&#8221;][\/om_agenda_item][om_agenda_item icon_fontawesome=&#8221;&#8221; time=&#8221;08:45 \u2013 10:00&#8243; speaker_ids=&#8221;559&#8243; title=&#8221;Sesioni kryesor IV&#8221; room=&#8221;Salla&hellip;<\/p>\n<p><a href=\"https:\/\/wayofpeace.al\/fshu2024\/\" class=\"read-more-link\"><span class=\"read-more-icon\"><\/span>Read more<\/a><\/p>\n","protected":false},"author":1,"featured_media":0,"parent":0,"menu_order":0,"comment_status":"closed","ping_status":"closed","template":"","meta":{"footnotes":""},"class_list":["post-241","page","type-page","status-publish","hentry"],"_links":{"self":[{"href":"https:\/\/wayofpeace.al\/fshu2024\/index.php\/wp-json\/wp\/v2\/pages\/241","targetHints":{"allow":["GET"]}}],"collection":[{"href":"https:\/\/wayofpeace.al\/fshu2024\/index.php\/wp-json\/wp\/v2\/pages"}],"about":[{"href":"https:\/\/wayofpeace.al\/fshu2024\/index.php\/wp-json\/wp\/v2\/types\/page"}],"author":[{"embeddable":true,"href":"https:\/\/wayofpeace.al\/fshu2024\/index.php\/wp-json\/wp\/v2\/users\/1"}],"replies":[{"embeddable":true,"href":"https:\/\/wayofpeace.al\/fshu2024\/index.php\/wp-json\/wp\/v2\/comments?post=241"}],"version-history":[{"count":28,"href":"https:\/\/wayofpeace.al\/fshu2024\/index.php\/wp-json\/wp\/v2\/pages\/241\/revisions"}],"predecessor-version":[{"id":671,"href":"https:\/\/wayofpeace.al\/fshu2024\/index.php\/wp-json\/wp\/v2\/pages\/241\/revisions\/671"}],"wp:attachment":[{"href":"https:\/\/wayofpeace.al\/fshu2024\/index.php\/wp-json\/wp\/v2\/media?parent=241"}],"curies":[{"name":"wp","href":"https:\/\/api.w.org\/{rel}","templated":true}]}}