{"id":372,"date":"2016-04-04T08:54:44","date_gmt":"2016-04-04T08:54:44","guid":{"rendered":"http:\/\/demo.olevmedia.net\/eventerra\/?page_id=372"},"modified":"2024-05-01T06:45:58","modified_gmt":"2024-05-01T06:45:58","slug":"rrjetet","status":"publish","type":"page","link":"https:\/\/wayofpeace.al\/fshu2024\/index.php\/rrjetet\/","title":{"rendered":"Rrjetet"},"content":{"rendered":"<p>[vc_row][vc_column][vc_tta_tour color=&#8221;om-accent-color-2&#8243; active_section=&#8221;1&#8243;][vc_tta_section title=&#8221;Rrjeti i Predikimit&#8221; tab_id=&#8221;1714231171985-00c28864-bd8d&#8221;][vc_custom_heading text=&#8221;ARBEN BUSHGJOKAJ, JETON SOKOLI&#8221; text_additional=&#8221;Salla 3 &#8211; Kati posht\u00eb&#8221;][\/vc_tta_section][vc_tta_section title=&#8221;Rrjeti i Apologjetik\u00ebs&#8221; tab_id=&#8221;1714231550788-275eeb8a-1d3d&#8221;][vc_custom_heading text=&#8221;KAON SERJANI, DANJELA SERJANI&#8221; text_additional=&#8221;Salla 5 &#8211; Kati posht\u00eb&#8221;][\/vc_tta_section][vc_tta_section title=&#8221;Rrjeti Udh\u00ebheqja Biblike&#8221; tab_id=&#8221;1714231549935-7999c8c6-04b8&#8243;][vc_custom_heading text=&#8221;ILIRIAN GJONI, YLLI DO\u00c7I&#8221; text_additional=&#8221;Salla 6 &#8211; Kati posht\u00eb&#8221;][\/vc_tta_section][vc_tta_section title=&#8221;Rrjeti Politika dhe Shoq\u00ebria&#8221; tab_id=&#8221;1714231548905-22a91fdf-fbbe&#8221;][vc_custom_heading text=&#8221;ILIR STAVRO, DRITON KRASNIQI&#8221; text_additional=&#8221;Salla 7 &#8211; Kati 0&#8243;][\/vc_tta_section][vc_tta_section title=&#8221;Rrjeti Sh\u00ebrbesa me t\u00eb Rinjt\u00eb&#8221; tab_id=&#8221;1714231547905-138baf22-f9f1&#8243;][vc_custom_heading text=&#8221;ERMAL BIMAJ, TYLOR PATTY&#8221; text_additional=&#8221;Salla 9 &#8211; Godina Sunrise&#8221;][\/vc_tta_section][vc_tta_section title=&#8221;Rrjeti Sh\u00ebrbesa n\u00eb Kontekstin Islamik&#8221; tab_id=&#8221;1714231547002-9911072e-27f5&#8243;][vc_custom_heading text=&#8221;HILKI BERISHA, EMIL SHEHADEH&#8221; text_additional=&#8221;Salla 1 &#8211; Kati posht\u00eb&#8221;][\/vc_tta_section][vc_tta_section title=&#8221;Rrjeti i Sh\u00ebndetit Mendor&#8221; tab_id=&#8221;1714231546139-ec95c791-5c9f&#8221;][vc_custom_heading text=&#8221;KRISTI KOLA, ORNELA HINAJ&#8221; text_additional=&#8221;Salla 2 &#8211; Kati posht\u00eb&#8221;][\/vc_tta_section][vc_tta_section title=&#8221;Rrjeti Sh\u00ebrbesa e F\u00ebmij\u00ebve&#8221; tab_id=&#8221;1714231545301-a5b06b28-dd4b&#8221;][vc_custom_heading text=&#8221;LLUKA SEMA, IRENA SEMA&#8221; text_additional=&#8221;Salla 8 &#8211; Godina Sunrise&#8221;][\/vc_tta_section][vc_tta_section title=&#8221;Rrjeti i Ungjillizimit&#8221; tab_id=&#8221;1714231543946-6e4e357e-de72&#8243;][vc_custom_heading text=&#8221;SLAVKO HADZIC, LINDSAY BROWN, EDVIN PUKA&#8221; text_additional=&#8221;Salla 4 &#8211; Kati posht\u00eb&#8221;][\/vc_tta_section][\/vc_tta_tour][\/vc_column][\/vc_row][vc_row][vc_column][vc_empty_space][\/vc_column][\/vc_row]<\/p>\n","protected":false},"excerpt":{"rendered":"<p>[vc_row][vc_column][vc_tta_tour color=&#8221;om-accent-color-2&#8243; active_section=&#8221;1&#8243;][vc_tta_section title=&#8221;Rrjeti i Predikimit&#8221; tab_id=&#8221;1714231171985-00c28864-bd8d&#8221;][vc_custom_heading text=&#8221;ARBEN BUSHGJOKAJ, JETON SOKOLI&#8221; text_additional=&#8221;Salla 3 &#8211; Kati posht\u00eb&#8221;][\/vc_tta_section][vc_tta_section title=&#8221;Rrjeti i Apologjetik\u00ebs&#8221; tab_id=&#8221;1714231550788-275eeb8a-1d3d&#8221;][vc_custom_heading text=&#8221;KAON SERJANI, DANJELA SERJANI&#8221; text_additional=&#8221;Salla&hellip;<\/p>\n<p><a href=\"https:\/\/wayofpeace.al\/fshu2024\/index.php\/rrjetet\/\" class=\"read-more-link\"><span class=\"read-more-icon\"><\/span>Read more<\/a><\/p>\n","protected":false},"author":1,"featured_media":0,"parent":0,"menu_order":0,"comment_status":"closed","ping_status":"closed","template":"","meta":{"footnotes":""},"class_list":["post-372","page","type-page","status-publish","hentry"],"_links":{"self":[{"href":"https:\/\/wayofpeace.al\/fshu2024\/index.php\/wp-json\/wp\/v2\/pages\/372","targetHints":{"allow":["GET"]}}],"collection":[{"href":"https:\/\/wayofpeace.al\/fshu2024\/index.php\/wp-json\/wp\/v2\/pages"}],"about":[{"href":"https:\/\/wayofpeace.al\/fshu2024\/index.php\/wp-json\/wp\/v2\/types\/page"}],"author":[{"embeddable":true,"href":"https:\/\/wayofpeace.al\/fshu2024\/index.php\/wp-json\/wp\/v2\/users\/1"}],"replies":[{"embeddable":true,"href":"https:\/\/wayofpeace.al\/fshu2024\/index.php\/wp-json\/wp\/v2\/comments?post=372"}],"version-history":[{"count":26,"href":"https:\/\/wayofpeace.al\/fshu2024\/index.php\/wp-json\/wp\/v2\/pages\/372\/revisions"}],"predecessor-version":[{"id":660,"href":"https:\/\/wayofpeace.al\/fshu2024\/index.php\/wp-json\/wp\/v2\/pages\/372\/revisions\/660"}],"wp:attachment":[{"href":"https:\/\/wayofpeace.al\/fshu2024\/index.php\/wp-json\/wp\/v2\/media?parent=372"}],"curies":[{"name":"wp","href":"https:\/\/api.w.org\/{rel}","templated":true}]}}