{"id":657,"date":"2024-05-01T06:24:50","date_gmt":"2024-05-01T06:24:50","guid":{"rendered":"https:\/\/wayofpeace.al\/fshu2024\/?page_id=657"},"modified":"2024-05-01T08:30:22","modified_gmt":"2024-05-01T08:30:22","slug":"rreth-nesh","status":"publish","type":"page","link":"https:\/\/wayofpeace.al\/fshu2024\/index.php\/rreth-nesh\/","title":{"rendered":"Rreth Nesh"},"content":{"rendered":"<p>[vc_row][vc_column][vc_custom_heading text=&#8221;FORUMI SHQIPTAR I UDH\u00cbHEQ\u00cbSIS\u00cb&#8221; text_additional=&#8221;JU URON MIR\u00cbSEARDHJEN!&#8221; font_container=&#8221;tag:h2|text_align:center&#8221;][\/vc_column][\/vc_row][vc_row][vc_column][vc_custom_heading text=&#8221;Misioni&#8221; font_container=&#8221;tag:h3|text_align:left&#8221;][vc_column_text]Forumi Shqiptar i Udh\u00ebheq\u00ebsis\u00eb (FSHU), nj\u00eb iniciativ\u00eb e European Leadership Forum (ELF), \u00ebsht\u00eb pik\u00ebtakim p\u00ebr t\u00eb inkurajuar, zhvilluar, pajisur dhe bashkuar udh\u00ebheq\u00ebsit e krishter\u00eb ungjillor\u00eb shqiptar\u00eb.[\/vc_column_text][\/vc_column][\/vc_row][vc_row][vc_column][vc_custom_heading text=&#8221;Vizioni&#8221; font_container=&#8221;tag:h3|text_align:left&#8221;][vc_column_text]Pjekuria e udh\u00ebheq\u00ebsis\u00eb \u00ebsht\u00eb p\u00ebrcaktuese p\u00ebr sh\u00ebndetin dhe p\u00ebrt\u00ebritjen e kish\u00ebs dhe shoq\u00ebris\u00eb.[\/vc_column_text][\/vc_column][\/vc_row][vc_row][vc_column][vc_custom_heading text=&#8221;Strategjia&#8221; font_container=&#8221;tag:h3|text_align:left&#8221;][vc_column_text]FSHU synon t\u00eb siguroj\u00eb inkurajimin dhe burimet e nevojshme p\u00ebr rritjen e udh\u00ebheq\u00ebsve t\u00eb krishter\u00eb ungjillor\u00eb shqiptar\u00eb. Kjo do t\u00eb arrihet p\u00ebrmes takimit vjetor t\u00eb FSHU, p\u00ebrfshirjes s\u00eb udh\u00ebheq\u00ebsve ungjillor\u00eb n\u00eb rrjete bashk\u00ebpun\u00ebtor\u00ebsh q\u00eb rriten s\u00eb bashku n\u00eb nj\u00eb kontekst mentorimi gjat\u00eb gjith\u00eb vitit, organizimit t\u00eb seminareve dhe aktiviteteve t\u00eb tjera trajnuese.[\/vc_column_text][\/vc_column][\/vc_row][vc_row][vc_column][vc_custom_heading text=&#8221;Organizator\u00ebt&#8221; font_container=&#8221;tag:h3|text_align:left&#8221;][vc_column_text]Ekipi q\u00eb organizon FSHU p\u00ebrb\u00ebhet nga Colin Stephen, Driton Krasniqi, Juljan Muhameti, Plator \u00c7ollaku, Ylli Do\u00e7i dhe Zefjan Nikolla.[\/vc_column_text][\/vc_column][\/vc_row][vc_row][vc_column][vc_separator][\/vc_column][\/vc_row][vc_row][vc_column][vc_custom_heading text=&#8221;Fal\u00ebnderime&#8221; uppercase=&#8221;yes&#8221; font_container=&#8221;tag:h2|text_align:center&#8221; css_animation=&#8221;fadeInDown&#8221;][vc_column_text css_animation=&#8221;fadeInDown&#8221;]<\/p>\n<p style=\"text-align: center;\">Ekipi organizator i FSHU 2024 fal\u00ebnderon n\u00eb m\u00ebnyr\u00eb t\u00eb ve\u00e7ant\u00eb fol\u00ebsin kryesor, t\u00eb gjith\u00eb drejtuesit e rrjeteve t\u00eb ndryshme dhe prezantuesit e seminareve, ekipin e adhurimit dhe medias, ekipin e vullnetar\u00ebve, p\u00ebrkthyesit, UNITAS q\u00eb p\u00ebrgatiti faqen digjitale, Gjergj Spatharin &#8211; hartuesin e logos s\u00eb Forumit, si dhe t\u00eb gjith\u00eb miqt\u00eb tan\u00eb q\u00eb p\u00ebrmes European Leadership Forum ndihmuan financiarisht.<\/p>\n<p style=\"text-align: center;\">Forumi Shqiptar i Udh\u00ebheq\u00ebsis\u00eb organizohet n\u00ebn kujdestarin\u00eb e Fondacionit \u201cWilberforce\u201d.<\/p>\n<p>[\/vc_column_text][\/vc_column][\/vc_row]<\/p>\n","protected":false},"excerpt":{"rendered":"<p>[vc_row][vc_column][vc_custom_heading text=&#8221;FORUMI SHQIPTAR I UDH\u00cbHEQ\u00cbSIS\u00cb&#8221; text_additional=&#8221;JU URON MIR\u00cbSEARDHJEN!&#8221; font_container=&#8221;tag:h2|text_align:center&#8221;][\/vc_column][\/vc_row][vc_row][vc_column][vc_custom_heading text=&#8221;Misioni&#8221; font_container=&#8221;tag:h3|text_align:left&#8221;][vc_column_text]Forumi Shqiptar i Udh\u00ebheq\u00ebsis\u00eb (FSHU), nj\u00eb iniciativ\u00eb e European Leadership Forum (ELF), \u00ebsht\u00eb pik\u00ebtakim p\u00ebr&hellip;<\/p>\n<p><a href=\"https:\/\/wayofpeace.al\/fshu2024\/index.php\/rreth-nesh\/\" class=\"read-more-link\"><span class=\"read-more-icon\"><\/span>Read more<\/a><\/p>\n","protected":false},"author":1,"featured_media":0,"parent":0,"menu_order":0,"comment_status":"closed","ping_status":"closed","template":"","meta":{"footnotes":""},"class_list":["post-657","page","type-page","status-publish","hentry"],"_links":{"self":[{"href":"https:\/\/wayofpeace.al\/fshu2024\/index.php\/wp-json\/wp\/v2\/pages\/657","targetHints":{"allow":["GET"]}}],"collection":[{"href":"https:\/\/wayofpeace.al\/fshu2024\/index.php\/wp-json\/wp\/v2\/pages"}],"about":[{"href":"https:\/\/wayofpeace.al\/fshu2024\/index.php\/wp-json\/wp\/v2\/types\/page"}],"author":[{"embeddable":true,"href":"https:\/\/wayofpeace.al\/fshu2024\/index.php\/wp-json\/wp\/v2\/users\/1"}],"replies":[{"embeddable":true,"href":"https:\/\/wayofpeace.al\/fshu2024\/index.php\/wp-json\/wp\/v2\/comments?post=657"}],"version-history":[{"count":7,"href":"https:\/\/wayofpeace.al\/fshu2024\/index.php\/wp-json\/wp\/v2\/pages\/657\/revisions"}],"predecessor-version":[{"id":669,"href":"https:\/\/wayofpeace.al\/fshu2024\/index.php\/wp-json\/wp\/v2\/pages\/657\/revisions\/669"}],"wp:attachment":[{"href":"https:\/\/wayofpeace.al\/fshu2024\/index.php\/wp-json\/wp\/v2\/media?parent=657"}],"curies":[{"name":"wp","href":"https:\/\/api.w.org\/{rel}","templated":true}]}}